{"id":791,"date":"2022-02-11T19:46:20","date_gmt":"2022-02-11T17:46:20","guid":{"rendered":"https:\/\/bilborchalet.com\/?page_id=791"},"modified":"2024-05-27T16:24:56","modified_gmt":"2024-05-27T13:24:56","slug":"politica-de-confidentialitate","status":"publish","type":"page","link":"https:\/\/montchaletcalimani.ro\/en\/politica-de-confidentialitate\/","title":{"rendered":"Privacy policy"},"content":{"rendered":"\t\t<div data-elementor-type=\"wp-page\" data-elementor-id=\"791\" class=\"elementor elementor-791\" data-elementor-post-type=\"page\">\n\t\t\t\t<div class=\"elementor-element elementor-element-829f86b e-flex e-con-boxed e-con e-parent\" data-id=\"829f86b\" data-element_type=\"container\" data-e-type=\"container\">\n\t\t\t\t\t<div class=\"e-con-inner\">\n\t\t<div class=\"elementor-element elementor-element-2e3d7c2 e-con-full e-flex e-con e-child\" data-id=\"2e3d7c2\" data-element_type=\"container\" data-e-type=\"container\" data-settings=\"{&quot;background_background&quot;:&quot;classic&quot;}\">\n\t\t\t\t<div class=\"elementor-element elementor-element-38fd6b2 elementor-widget elementor-widget-text-editor\" data-id=\"38fd6b2\" data-element_type=\"widget\" data-e-type=\"widget\" data-widget_type=\"text-editor.default\">\n\t\t\t\t\t\t<div class=\"elementor-widget-container\">\n\t\t\t\t\t\t\t\t\t\n<div class=\"ql-block\" data-block-id=\"block-77ffae8d-c27e-4467-9311-d1e39fc58edb\">Societatea prelucreaza o serie de date cu caracter personal ale Utilizatorilor (fie ca sunt sau nu inregistrati) atunci cand utilizeaza Site-ul <a class=\"ql-link\" href=\"https:\/\/montchaletcalimani.ro\/\" target=\"_blank\" rel=\"noopener noreferrer\">https:\/\/montchaletcalimani.ro\/<\/a> si\/sau orice Serviciu oferit de catre compania noastra.<\/div>\n<div class=\"ql-block\" data-block-id=\"block-4d161943-ffda-42c1-963f-7c72e1dc523d\">Aceasta politica de confidentialitate descrie ce tipuri de date cu caracter personal sunt prelucrate, cum sunt acestea utilizate, care sunt optiunile dvs. in legatura cu aceste prelucrari, precum si modul in care vom respecta drepturile pe care le aveti in calitate de persoana vizata conform legislatiei privind protectia datelor cu caracter personal, inclusiv Regulamentul (UE) 2016\/679 (\u201eGDPR\u201d).<\/div>\n<div class=\"ql-block\" data-block-id=\"block-bbd20dbc-76c3-48bf-b5b2-f21b2cd2cc68\">INAINTE DE A UTILIZA SITE-UL SAU ORICARE DINTRE SERVICIILE NOASTRE, VA RECOMANDAM SA CITITI CU ATENTIE ACEASTA POLITICA PENTRU A INTELEGE CUM VA SUNT PRELUCRATE DATELE CU CARACTER PERSONAL.<\/div>\n<h1 class=\"wp-block-heading\"><span style=\"font-weight: 400;\">1. CINE ESTE RESPONSABIL DE PRELUCRAREA DATELOR DVS.?<\/span><\/h1>\n<p><span style=\"font-weight: 400;\">\u00a0<\/span><\/p>\n<div class=\"ql-block\" data-block-id=\"block-7c87509f-2530-4935-96c2-dd1e6d6e4f57\"><span class=\"ql-comment ql-comment_active ql-comment_overlap\" data-comment-ids=\"90120038935908\" data-comment-unresolved-ids=\"90120038935908\">MONTCHALET C\u0102LIMANI SR<\/span>L, cu sediul \u00een Romania, este operatorul datelor cu caracter personal, conform legislatiei privind protectia datelor cu caracter personal inclusiv GDPR, in ceea ce priveste datele cu caracter personal ale Utilizatorilor colectate si prelucrate prin intermediul Site-ului <a class=\"ql-link\" href=\"https:\/\/montchaletcalimani.ro\/\" target=\"_blank\" rel=\"noopener noreferrer\">https:\/\/montchaletcalimani.ro\/<\/a>, si\/sau in contextul Serviciilor oferite prin intermediul sau in legatura cu site-ul.<\/div>\n<div class=\"ql-block\" data-block-id=\"block-ce550a13-242a-41da-8a97-3f05ef1d21ad\">Pentru activitatea de prelucrare a datelor cu caracter personal Societatea poate fi contactata folosind urmatoarele date de contact: <a class=\"ql-link\" href=\"mailto:montchaletcalimani@gmail.com\" target=\"_blank\" rel=\"noopener noreferrer\">montchaletcalimani@gmail.com<\/a><\/div>\n<h1><span style=\"font-weight: 400;\">2. CE DATE PRELUCRAM?<\/span><\/h1>\n<p><span style=\"font-weight: 400;\"><br \/><\/span>Societatea prelucreaz\u0103 datele personale pe care ni le furniza\u0163i atunci c\u00e2nd utiliza\u0163i site-ul, va \u00eenregistrati pe pagina noastra, contractati un serviciu, v\u0103 \u00eenscrie\u0163i \u00een campaniile noastre (si\/sau campaniile organizate impreuna cu partenerii nostri), dori\u0163i s\u0103 primi\u0163i comunic\u0103ri comerciale sau s\u0103 participa\u0163i la sondajele \u015fi chestionarele noastre, sau ne contactati prin orice mijloace de comunicare In cazul in care contactatati compania noastra <span class=\"ql-comment ql-comment_active ql-comment_overlap\" data-comment-ids=\"90120038935908\" data-comment-unresolved-ids=\"90120038935908\">MONTCHALET C\u0102LIMANI SR<\/span>L\u00a0prin intermediul forularului de contact prezent pe site-ul <a class=\"ql-link\" href=\"https:\/\/montchaletcalimani.ro\/\" target=\"_blank\" rel=\"noopener noreferrer\">https:\/\/montchaletcalimani.ro\/<\/a>, datele comunicate de dvs.( nume, prenume, adresa, telefon,email si orice alte date personale comunicate) vor fii stocate si prelucrate doar dupa bifarea acceptului expres prezent in partea de jos a formularului de <span data-void-detect=\"true\">contact.<\/span> <span data-void-detect=\"true\">De<\/span> asemenea, utilizam module cookie si tehnologii similare pentru a va recunoaste pe dvs. si dispozitivele dvs. De asemenea, permitem altor persoane sa utilizeze module cookie. Modul in care utilizam aceste tehnologii sunt descrise in Politica privind Cookies..<\/p>\n<h1><span style=\"font-weight: 400;\">3. FURNIZAREA UNOR OFERTE PERSONALIZATE<\/span><\/h1>\n<p><span style=\"font-weight: 400;\"><br \/><\/span>\u00cen anumite situa\u0163ii, putem utiliza informa\u0163iile colectate de la dvs. \u00een combina\u0163ie cu datele pe care le ob\u0163inem de la echipele noastre de v\u00e2nz\u0103ri \u015fi\/sau de marketing cu privire la interac\u0163iunea dvs. cu Societatea, pe care s\u0103 le folosim \u00een contextul comunic\u0103rilor noastre de marketing. Dorim s\u0103 eficientiz\u0103m activitatea noastr\u0103 de marketing, oferind clien\u0163ilor no\u015ftri produse \/ servicii relevante \u015fi personalizate.[De asemenea, dac\u0103 sunte\u0163i de acord, putem efectua analize avansate cu privire la interesele \u015fi preferin\u0163ele dvs. rezult\u00e2nd din informa\u0163iile pe care le de\u0163inem despre dvs. din interac\u0163iunea cu noi, precum \u015fi prin combinarea datelor ob\u0163inute de la ter\u0163i (e.g. prin intermediul tehnologiilor de analiz\u0103 a navig\u0103rii web) pentru a v\u0103 transmite comunic\u0103ri comerciale i adaptate nevoilor \u015fi preferin\u0163elor dvs.] Putem realiza diverse raport\u0103ri, analize \u015fi studii statistice cu privire la campaniile de marketing organizate \u015fi succesul acestora, activitatea de v\u00e2nz\u0103ri \/ prelucrare.<\/p>\n<h1><span style=\"font-weight: 400;\">4. EXECUTAREA CONTRACTULUI INCHEIAT CU NOI<\/span><\/h1>\n<p><span style=\"font-weight: 400;\"><br \/><\/span>Atunci c\u00e2nd solicitati furnizarea unor servicii putem prelucra anumite date personale necesare pentru aceste scopuri (e.g. nume \u015fi prenume, adresa de livrare \/ furnizare, date de tranzac\u0163ionare, etc.)<\/p>\n<h1><span style=\"font-weight: 400;\">5. GESTIUNEA RAPORTULUI DINTRE UTILIZATORI SI ASISTENTA<\/span><\/h1>\n<p><span style=\"font-weight: 400;\"><br \/><\/span>Avem interesul sa oferim servicii adecvate prin intermediul Site-ului tuturor persoanelor care il acceseaza. Prin urmare, prelucram o serie de date cu caracter personal pentru scopul gestiunii relatiilor cu Utilizatorii Site-ului, spre exemplu atunci cand ne contacteaza cu diverse intrebari sau solicitari privind functionalitatile Site-ului, intrebari cu privire la serviciile Societatii oferite prin Site etc. Temeiul juridic: art. 6(1)(f) GDPR \u2013 interes legitim constand in interesul nostru de a asigura servicii adecvate.<\/p>\n<h1><span style=\"font-weight: 400;\">6. ANALIZE SI STATISTICI PRIVIND FUNCTIONAREA SITE-ULUI, COOKIES SI TEHNOLOGII SIMILARE<\/span><\/h1>\n<p><span style=\"font-weight: 400;\"><br \/><\/span>Putem folosi datele cu caracter personal pe care le furnizeaza Utilizatorii sau pe care le colectam in contextul utilizarii Serviciilor pentru scopul efecturarii unor analize si statistici privind Serviciile noastre, inclusiv a modului in care functioneaza Site-ul sau sunt oferite Serviciile. Analizele si statisticile pe care le facem ne ajuta sa intelegem mai bine cum am putea sa imbunatatim Serviciile noastre sau functionalitatile site-ului. In efectuarea analizelor si statisticilor utilizam de asemenea cookies si alte tehnologii similare conform Politicii privind Cookies. De asemenea, cookie-urile si tehnologiile similare sunt utilizate pentru a va oferi publicitate bazata pe interes.<\/p>\n<h1><span style=\"font-weight: 400;\">7. CONECTARE PRIN RETELE DE SOCIALIZARE<\/span><\/h1>\n<p><span style=\"font-weight: 400;\"><br \/><\/span>Am implementat diverse mecanisme de interconectare cu paginile de socializare, cum ar fi Facebook, Twitter, Youtube si Instagram si astfel sa aveti posiblitatea sa accesati continutul postat de noi pe Site si sau conturile noastre asociate pe acele retele sociale mai facil.Daca accesati contintul postat pe acele retele de socializare sau comentati pe acele retele de socializare, sau accesati Site-ul prin intermediul contului de Facebook, o serie de date publice din profilul dvs. de pe acele retele de socializare ne vor fi transmise si noua de catre operatorii acelor retele de socializare.<\/p>\n<h1><span style=\"font-weight: 400;\">8.\u00ceNDEPLINIREA UNOR OBLIGATII LEGALE<\/span><\/h1>\n<p><span style=\"font-weight: 400;\"><br \/><\/span>Uneori prelucrarea datelor este necesar\u0103 pentru a ne \u00eendeplini obliga\u0163iile legale ce ne revin, cum ar fi:<\/p>\n<ul>\n<li>raportarea c\u0103tre autorit\u0103\u0163ile fiscale relevante \u015fi \u0163inerea unor eviden\u0163e contabile;<\/li>\n<li>arhivarea datelor conform legisla\u0163iei aplicabile.<\/li>\n<\/ul>\n<h1><span style=\"font-weight: 400;\">9.APARAREA DREPTURILOR SI INTERESELOR IN JUSTITIE<\/span><\/h1>\n<p><span style=\"font-weight: 400;\"><br \/><\/span>Pentru constatarea, exercitarea sau ap\u0103rarea unui drept \u00een justi\u0163ie \u00een cadrul unei proceduri \u00een fa\u0163a unei instan\u0163e, a unei proceduri administrative sau a altor proceduri oficiale \u00een care este implicat\u0103 Societatea.<\/p>\n<h1><span style=\"font-weight: 400;\">10. CUI DEZVALUIM DATELE<\/span><\/h1>\n<p><span style=\"font-weight: 400;\"><br \/><\/span>Putem dezvalui datele dvs cu caracter personal catre (i) entitatile si\/sau persoanele imputernicite de noi (din EEA sau din state terte) implicate in furnizarea Serviciilor, inclusiv in furnizarea comunicarilor comerciale (cum ar fi furnizorilor de centre de date, furnizori de servicii de plata pentru diverse facilitati de plata, furnizorii de platforme de e-mailing cum ar fi Google Mail), sau daca avem obligatia de a divulga datele personale in scopul conformarii cu orice obligatie legala sau decizie a unei autoritati judiciare, autoritati publice sau organ guvernamental; sau (iii) daca ni se cere sau ni se permite in alt mod sa facem acest lucru conform legislatie aplicabile. De asemenea, datele dvs cu caracter personale pot fi dezvaluite tertilor furnizori de cookies si tehnologii similare conform celor descrise in Politici privind Cookies.<\/p>\n<h1><span style=\"font-weight: 400;\">11. CAT PASTRAM DATELE<\/span><\/h1>\n<p><span style=\"font-weight: 400;\"><br \/><\/span>Pastram datele dvs cu caracter personal cat este necesar pentru indeplinirea scopurilor pentru care au fost colectate, cu respectarea procedurilor interne privind retentia datelor, inclusiv a regulilor de arhivare aplicabile. Spre exemplu, daca sunteti un client de-al nostru, datele dvs. caracter personal vor fi pastrate pe intreaga durata a raporturilor contractuale, plus o perioada minima de 3 ani de la incetare (cat este termenul de prescriptie pentru actiuni in justitie). Ulterior, anumite date cu caracter personal ar putea fi pastrate pentru o perioada mai lunga, pentru scop de arhivare, conform regulilor de arhivare aplicabile.<\/p>\n<h1><span style=\"font-weight: 400;\">12. CE DREPTURI AVETI IN CALITATE DE PERSOANA VIZATA?<\/span><\/h1>\n<h2><span style=\"font-weight: 400;\">\u00a0<\/span><\/h2>\n<div class=\"ql-block\" data-block-id=\"block-d2364a0c-571e-4698-8893-db05b6a160b7\">Conform legii, va sunt recunoscute urmatoarele drepturi in calitate de persoana vizata:<\/div>\n<div class=\"ql-block\" data-block-id=\"block-0834c4c3-967c-4d16-a80f-240daead01ff\">a)Dreptul de acces puteti obtine de la noi confirmarea ca prelucram datele dvs. personale, precum si informatii privind specificul prelucrarii<\/div>\n<div class=\"ql-block\" data-block-id=\"block-ee20ca6e-1c9a-48f5-98a2-cdce20ccffcc\">b)Dreptul de modificare puteti ne solicitati modificam datele dvs. personale incorecte ori, dupa caz, completarea datelor care sunt incomplete.<\/div>\n<div class=\"ql-block\" data-block-id=\"block-f9042698-3985-433f-bce3-fac06923d41f\">c)Dreptul la stergere puteti solicita stergerea datelor personale atunci cand: (i) acestea nu mai sunt necesare pentru scopurile pentru care le-am colectat si le prelucram; (ii) v-ati retras consimtamantul pentru prelucrarea datelor si noi nu le mai putem prelucra pe alte temeiuri legale; (iii) datele sunt prelucrate contrar legii; respectiv (iv) datele trebuie sterse conform legislatiei relevante.<\/div>\n<div class=\"ql-block\" data-block-id=\"block-9749a4ec-d0c2-4fc2-a6f8-0539997c75ca\">d)Retragerea consimtamantului si dreptul de opozitie puteti sa va retrageti oricand consimtamantul cu privire la prelucrarea datelor pe baza de consimtamant. De asemenea va puteti opune oricand prelucrarilor pentru scop de marketing, inclusiv profilarilor efectuate in acest scop, precum si prelucrarilor bazate pe interesul legitim al Societatii, din motive care tin de situatia dvs. Specifica.<\/div>\n<div class=\"ql-block\" data-block-id=\"block-3ef42bc1-852e-4f0f-ae1d-71242a9727b3\">e)Restrictionare in anumite conditii puteti solicita restrictionarea prelucrarii datelor dvs. Personale<\/div>\n<div class=\"ql-block\" data-block-id=\"block-c460466f-c27b-4a03-bd3b-1332561cee41\">f)Dreptul la portabilitatea datelor in masura in care prelucram datele prin mijloace automate, puteti sa ne solicitati, in conditiile legii, sa furnizam datele dvs. intr-o forma structurata, utilizata frecvent si care poate fi citita in mod automat. Daca ne solicitati acest lucru, putem sa transmitem datele dvs. unei alte entitati, daca este posibil din punct de vedere tehnic.<\/div>\n<div class=\"ql-block\" data-block-id=\"block-9df5ab06-5e61-4b39-abbd-fdac5940b029\">g)Dreptul de a depune o plangerela autoritatea de supraveghere Aveti dreptul de a depune o plangere la autoritatea de supraveghere a prelucrarii datelor in cazul in care considerati ca v-au fost incalcate drepturile:Autoritatea Nationala pentru Supravegherea Datelor cu Caracter Personal din Romania B-dul G-ral. Gheorghe Magheru 28-30 Sector 1, cod postal 010336 Bucuresti, Romania <a class=\"ql-link\" href=\"mailto:anspdcp@dataprotection.ro\" target=\"_blank\" rel=\"noopener noreferrer\">anspdcp@dataprotection.ro<\/a><\/div>\n<div data-block-id=\"block-9df5ab06-5e61-4b39-abbd-fdac5940b029\">\u00a0<\/div>\n<div data-block-id=\"block-9df5ab06-5e61-4b39-abbd-fdac5940b029\">PENTRU EXERCITAREA DREPTURILOR MENTIONATE MAI SUS, NE PUTETI CONTACTA UTILIZAND ADRESA DE Email : <a class=\"ql-link\" href=\"mailto:montchaletcalimani@gmail.com\" target=\"_blank\" rel=\"noopener noreferrer\">montchaletcalimani@gmail.com<\/a><\/div>\n\t\t\t\t\t\t\t\t<\/div>\n\t\t\t\t<\/div>\n\t\t\t\t<\/div>\n\t\t\t\t\t<\/div>\n\t\t\t\t<\/div>\n\t\t\t\t<\/div>\n\t\t","protected":false},"excerpt":{"rendered":"<p>Societatea prelucreaza o serie de date cu caracter personal ale Utilizatorilor (fie ca sunt sau nu inregistrati) atunci cand utilizeaza Site-ul https:\/\/montchaletcalimani.ro\/ si\/sau orice Serviciu oferit de catre compania noastra. Aceasta politica de confidentialitate descrie ce tipuri de date cu caracter personal sunt prelucrate, cum sunt acestea utilizate, care sunt optiunile dvs. in legatura cu [&hellip;]<\/p>\n","protected":false},"author":4,"featured_media":0,"parent":0,"menu_order":0,"comment_status":"closed","ping_status":"closed","template":"","meta":{"footnotes":""},"class_list":["post-791","page","type-page","status-publish","hentry"],"yoast_head":"<!-- This site is optimized with the Yoast SEO plugin v27.5 - https:\/\/yoast.com\/product\/yoast-seo-wordpress\/ -->\n<title>Politica de Confiden\u021bialitate - Mont Chalet<\/title>\n<meta name=\"robots\" content=\"index, follow, max-snippet:-1, max-image-preview:large, max-video-preview:-1\" \/>\n<link rel=\"canonical\" href=\"https:\/\/montchaletcalimani.ro\/en\/politica-de-confidentialitate\/\" \/>\n<meta property=\"og:locale\" content=\"en_GB\" \/>\n<meta property=\"og:type\" content=\"article\" \/>\n<meta property=\"og:title\" content=\"Politica de Confiden\u021bialitate - Mont Chalet\" \/>\n<meta property=\"og:description\" content=\"Societatea prelucreaza o serie de date cu caracter personal ale Utilizatorilor (fie ca sunt sau nu inregistrati) atunci cand utilizeaza Site-ul https:\/\/montchaletcalimani.ro\/ si\/sau orice Serviciu oferit de catre compania noastra. Aceasta politica de confidentialitate descrie ce tipuri de date cu caracter personal sunt prelucrate, cum sunt acestea utilizate, care sunt optiunile dvs. in legatura cu [&hellip;]\" \/>\n<meta property=\"og:url\" content=\"https:\/\/montchaletcalimani.ro\/en\/politica-de-confidentialitate\/\" \/>\n<meta property=\"og:site_name\" content=\"Mont Chalet\" \/>\n<meta property=\"article:modified_time\" content=\"2024-05-27T13:24:56+00:00\" \/>\n<meta name=\"twitter:card\" content=\"summary_large_image\" \/>\n<meta name=\"twitter:label1\" content=\"Estimated reading time\" \/>\n\t<meta name=\"twitter:data1\" content=\"8 minutes\" \/>\n<script type=\"application\/ld+json\" class=\"yoast-schema-graph\">{\"@context\":\"https:\\\/\\\/schema.org\",\"@graph\":[{\"@type\":\"WebPage\",\"@id\":\"https:\\\/\\\/montchaletcalimani.ro\\\/politica-de-confidentialitate\\\/\",\"url\":\"https:\\\/\\\/montchaletcalimani.ro\\\/politica-de-confidentialitate\\\/\",\"name\":\"Politica de Confiden\u021bialitate - Mont Chalet\",\"isPartOf\":{\"@id\":\"https:\\\/\\\/montchaletcalimani.ro\\\/#website\"},\"datePublished\":\"2022-02-11T17:46:20+00:00\",\"dateModified\":\"2024-05-27T13:24:56+00:00\",\"breadcrumb\":{\"@id\":\"https:\\\/\\\/montchaletcalimani.ro\\\/politica-de-confidentialitate\\\/#breadcrumb\"},\"inLanguage\":\"en-GB\",\"potentialAction\":[{\"@type\":\"ReadAction\",\"target\":[\"https:\\\/\\\/montchaletcalimani.ro\\\/politica-de-confidentialitate\\\/\"]}]},{\"@type\":\"BreadcrumbList\",\"@id\":\"https:\\\/\\\/montchaletcalimani.ro\\\/politica-de-confidentialitate\\\/#breadcrumb\",\"itemListElement\":[{\"@type\":\"ListItem\",\"position\":1,\"name\":\"Home\",\"item\":\"https:\\\/\\\/montchaletcalimani.ro\\\/\"},{\"@type\":\"ListItem\",\"position\":2,\"name\":\"Politica de Confiden\u021bialitate\"}]},{\"@type\":\"WebSite\",\"@id\":\"https:\\\/\\\/montchaletcalimani.ro\\\/#website\",\"url\":\"https:\\\/\\\/montchaletcalimani.ro\\\/\",\"name\":\"Mont Chalet\",\"description\":\"Locul unde natura se contope\u0219te cu confortul\",\"publisher\":{\"@id\":\"https:\\\/\\\/montchaletcalimani.ro\\\/#organization\"},\"potentialAction\":[{\"@type\":\"SearchAction\",\"target\":{\"@type\":\"EntryPoint\",\"urlTemplate\":\"https:\\\/\\\/montchaletcalimani.ro\\\/?s={search_term_string}\"},\"query-input\":{\"@type\":\"PropertyValueSpecification\",\"valueRequired\":true,\"valueName\":\"search_term_string\"}}],\"inLanguage\":\"en-GB\"},{\"@type\":\"Organization\",\"@id\":\"https:\\\/\\\/montchaletcalimani.ro\\\/#organization\",\"name\":\"Mont Chalet\",\"url\":\"https:\\\/\\\/montchaletcalimani.ro\\\/\",\"logo\":{\"@type\":\"ImageObject\",\"inLanguage\":\"en-GB\",\"@id\":\"https:\\\/\\\/montchaletcalimani.ro\\\/#\\\/schema\\\/logo\\\/image\\\/\",\"url\":\"https:\\\/\\\/montchaletcalimani.ro\\\/wp-content\\\/uploads\\\/2022\\\/02\\\/Logo-1.1.3.jpg\",\"contentUrl\":\"https:\\\/\\\/montchaletcalimani.ro\\\/wp-content\\\/uploads\\\/2022\\\/02\\\/Logo-1.1.3.jpg\",\"width\":350,\"height\":350,\"caption\":\"Mont Chalet\"},\"image\":{\"@id\":\"https:\\\/\\\/montchaletcalimani.ro\\\/#\\\/schema\\\/logo\\\/image\\\/\"}}]}<\/script>\n<!-- \/ Yoast SEO plugin. -->","yoast_head_json":{"title":"Politica de Confiden\u021bialitate - Mont Chalet","robots":{"index":"index","follow":"follow","max-snippet":"max-snippet:-1","max-image-preview":"max-image-preview:large","max-video-preview":"max-video-preview:-1"},"canonical":"https:\/\/montchaletcalimani.ro\/en\/politica-de-confidentialitate\/","og_locale":"en_GB","og_type":"article","og_title":"Politica de Confiden\u021bialitate - Mont Chalet","og_description":"Societatea prelucreaza o serie de date cu caracter personal ale Utilizatorilor (fie ca sunt sau nu inregistrati) atunci cand utilizeaza Site-ul https:\/\/montchaletcalimani.ro\/ si\/sau orice Serviciu oferit de catre compania noastra. Aceasta politica de confidentialitate descrie ce tipuri de date cu caracter personal sunt prelucrate, cum sunt acestea utilizate, care sunt optiunile dvs. in legatura cu [&hellip;]","og_url":"https:\/\/montchaletcalimani.ro\/en\/politica-de-confidentialitate\/","og_site_name":"Mont Chalet","article_modified_time":"2024-05-27T13:24:56+00:00","twitter_card":"summary_large_image","twitter_misc":{"Estimated reading time":"8 minutes"},"schema":{"@context":"https:\/\/schema.org","@graph":[{"@type":"WebPage","@id":"https:\/\/montchaletcalimani.ro\/politica-de-confidentialitate\/","url":"https:\/\/montchaletcalimani.ro\/politica-de-confidentialitate\/","name":"Politica de Confiden\u021bialitate - Mont Chalet","isPartOf":{"@id":"https:\/\/montchaletcalimani.ro\/#website"},"datePublished":"2022-02-11T17:46:20+00:00","dateModified":"2024-05-27T13:24:56+00:00","breadcrumb":{"@id":"https:\/\/montchaletcalimani.ro\/politica-de-confidentialitate\/#breadcrumb"},"inLanguage":"en-GB","potentialAction":[{"@type":"ReadAction","target":["https:\/\/montchaletcalimani.ro\/politica-de-confidentialitate\/"]}]},{"@type":"BreadcrumbList","@id":"https:\/\/montchaletcalimani.ro\/politica-de-confidentialitate\/#breadcrumb","itemListElement":[{"@type":"ListItem","position":1,"name":"Home","item":"https:\/\/montchaletcalimani.ro\/"},{"@type":"ListItem","position":2,"name":"Politica de Confiden\u021bialitate"}]},{"@type":"WebSite","@id":"https:\/\/montchaletcalimani.ro\/#website","url":"https:\/\/montchaletcalimani.ro\/","name":"Mont Chalet","description":"The place where nature merges with comfort","publisher":{"@id":"https:\/\/montchaletcalimani.ro\/#organization"},"potentialAction":[{"@type":"SearchAction","target":{"@type":"EntryPoint","urlTemplate":"https:\/\/montchaletcalimani.ro\/?s={search_term_string}"},"query-input":{"@type":"PropertyValueSpecification","valueRequired":true,"valueName":"search_term_string"}}],"inLanguage":"en-GB"},{"@type":"Organization","@id":"https:\/\/montchaletcalimani.ro\/#organization","name":"Mont Chalet","url":"https:\/\/montchaletcalimani.ro\/","logo":{"@type":"ImageObject","inLanguage":"en-GB","@id":"https:\/\/montchaletcalimani.ro\/#\/schema\/logo\/image\/","url":"https:\/\/montchaletcalimani.ro\/wp-content\/uploads\/2022\/02\/Logo-1.1.3.jpg","contentUrl":"https:\/\/montchaletcalimani.ro\/wp-content\/uploads\/2022\/02\/Logo-1.1.3.jpg","width":350,"height":350,"caption":"Mont Chalet"},"image":{"@id":"https:\/\/montchaletcalimani.ro\/#\/schema\/logo\/image\/"}}]}},"_links":{"self":[{"href":"https:\/\/montchaletcalimani.ro\/en\/wp-json\/wp\/v2\/pages\/791","targetHints":{"allow":["GET"]}}],"collection":[{"href":"https:\/\/montchaletcalimani.ro\/en\/wp-json\/wp\/v2\/pages"}],"about":[{"href":"https:\/\/montchaletcalimani.ro\/en\/wp-json\/wp\/v2\/types\/page"}],"author":[{"embeddable":true,"href":"https:\/\/montchaletcalimani.ro\/en\/wp-json\/wp\/v2\/users\/4"}],"replies":[{"embeddable":true,"href":"https:\/\/montchaletcalimani.ro\/en\/wp-json\/wp\/v2\/comments?post=791"}],"version-history":[{"count":16,"href":"https:\/\/montchaletcalimani.ro\/en\/wp-json\/wp\/v2\/pages\/791\/revisions"}],"predecessor-version":[{"id":3149,"href":"https:\/\/montchaletcalimani.ro\/en\/wp-json\/wp\/v2\/pages\/791\/revisions\/3149"}],"wp:attachment":[{"href":"https:\/\/montchaletcalimani.ro\/en\/wp-json\/wp\/v2\/media?parent=791"}],"curies":[{"name":"wp","href":"https:\/\/api.w.org\/{rel}","templated":true}]}}